{"id":1962,"date":"2017-01-31T08:10:35","date_gmt":"2017-01-31T07:10:35","guid":{"rendered":"http:\/\/latonnelleriehotel.safetyhost.net\/blog\/"},"modified":"2018-02-12T13:28:26","modified_gmt":"2018-02-12T12:28:26","slug":"blog","status":"publish","type":"page","link":"https:\/\/www.latonnelleriehotel.com\/en\/blog\/","title":{"rendered":"Blog"},"content":{"rendered":"<section class=\"wpb-content-wrapper\"><p>[vc_row][vc_column width=&#8221;2\/3&#8243;]<div class=\"ple_anypostloop_shortcode wpb_content_element  \"><div id=\"masonry_589046063892e\" class=\"grid_wrapper masonry_grid row clearfix\">    \n        <div class=\"blog_post_card blog_post_listed grid_item grid_sizer col-md-6 col-sm-6 col-xs-12  uncategorized optional\">\n        <div class=\"blog_post_listed_wrapper  \">\n                <div class=\"blog_post_listed_media\">\n                        <a href=\"https:\/\/www.latonnelleriehotel.com\/en\/very-happy-new-year-2025\/\" target=\"_parent\" class=\"\">\n                        \n                        <figure><img decoding=\"async\" src=\"https:\/\/www.latonnelleriehotel.com\/wp-content\/uploads\/2025\/01\/hotel-tonnellerie-blog-voeux-2025-chateaux-de-la-loire-chambord-1024x768.jpg\" alt=\"Very Happy New Year 2025!\"><\/figure>   \n                        \n                        <\/a>\n                <\/div>\n                <div class=\"blog_post_listed_texts white_section\">\n                        <span class=\"blog_post_date\">Mar 2026<\/span>\n                        <h4 class=\"textify_links\"><a href=\"https:\/\/www.latonnelleriehotel.com\/en\/very-happy-new-year-2025\/\" target=\"_parent\" class=\"\">Very Happy New Year 2025!<\/a><\/h4>\n                        \n                        \n                        <a href=\"https:\/\/www.latonnelleriehotel.com\/en\/very-happy-new-year-2025\/\" target=\"_parent\" class=\"btn btn-default \">Lire la suite<\/a> \n                <\/div>                  \n        <\/div> \n        <\/div>       \n        <div class=\"blog_post_card blog_post_listed grid_item grid_sizer col-md-6 col-sm-6 col-xs-12  uncategorized optional\">\n        <div class=\"blog_post_listed_wrapper  \">\n                <div class=\"blog_post_listed_media\">\n                        <a href=\"https:\/\/www.latonnelleriehotel.com\/en\/5597\/\" target=\"_parent\" class=\"\">\n                        \n                        <figure><img decoding=\"async\" src=\"https:\/\/www.latonnelleriehotel.com\/wp-content\/uploads\/2020\/08\/tripadvisor-hotel-tonnellerie-chateaux-de-la-loire-charme.jpg\" alt=\"2020 TripAdvisor Prize!\"><\/figure>   \n                        \n                        <\/a>\n                <\/div>\n                <div class=\"blog_post_listed_texts white_section\">\n                        <span class=\"blog_post_date\">Mar 2026<\/span>\n                        <h4 class=\"textify_links\"><a href=\"https:\/\/www.latonnelleriehotel.com\/en\/5597\/\" target=\"_parent\" class=\"\">2020 TripAdvisor Prize!<\/a><\/h4>\n                        \n                        <div class=\"blog_post_listed_content_wrapper\">Congratulations to our Team for that prize! Glad to have confirmation that a very strong&hellip;<\/div>\n                        <a href=\"https:\/\/www.latonnelleriehotel.com\/en\/5597\/\" target=\"_parent\" class=\"btn btn-default \">Lire la suite<\/a> \n                <\/div>                  \n        <\/div> \n        <\/div>       \n        <div class=\"blog_post_card blog_post_listed grid_item grid_sizer col-md-6 col-sm-6 col-xs-12  garden bio-organic-en-2 fleur-flower-en optional\">\n        <div class=\"blog_post_listed_wrapper  \">\n                <div class=\"blog_post_listed_media\">\n                        <a href=\"https:\/\/www.latonnelleriehotel.com\/en\/du-coeur-a-la-cuisine-mais-aussi-au-jardin\/\" target=\"_parent\" class=\"\">\n                        \n                        <figure><img decoding=\"async\" src=\"https:\/\/www.latonnelleriehotel.com\/wp-content\/uploads\/2020\/06\/rose-blog-tonnellerie-beaugency-hotel-ecolabel-val-de-loire-beauval.jpg\" alt=\"Heart in the kitchen\u2026 but also in the garden!\"><\/figure>   \n                        \n                        <\/a>\n                <\/div>\n                <div class=\"blog_post_listed_texts white_section\">\n                        <span class=\"blog_post_date\">Mar 2026<\/span>\n                        <h4 class=\"textify_links\"><a href=\"https:\/\/www.latonnelleriehotel.com\/en\/du-coeur-a-la-cuisine-mais-aussi-au-jardin\/\" target=\"_parent\" class=\"\">Heart in the kitchen\u2026 but also in the garden!<\/a><\/h4>\n                        \n                        <div class=\"blog_post_listed_content_wrapper\">Here are few pictures of our garden flowers this year! See you soon! &nbsp; &nbsp;&hellip;<\/div>\n                        <a href=\"https:\/\/www.latonnelleriehotel.com\/en\/du-coeur-a-la-cuisine-mais-aussi-au-jardin\/\" target=\"_parent\" class=\"btn btn-default \">Lire la suite<\/a> \n                <\/div>                  \n        <\/div> \n        <\/div>       \n        <div class=\"blog_post_card blog_post_listed grid_item grid_sizer col-md-6 col-sm-6 col-xs-12  news-en uncategorized unusual optional\">\n        <div class=\"blog_post_listed_wrapper  \">\n                <div class=\"blog_post_listed_media\">\n                        <a href=\"https:\/\/www.latonnelleriehotel.com\/en\/tournage-a-la-tonnellerie\/\" target=\"_parent\" class=\"\">\n                        \n                        <figure><img decoding=\"async\" src=\"https:\/\/www.latonnelleriehotel.com\/wp-content\/uploads\/2020\/06\/tournage-blog-film-hotel-tonnellerie-loire-region-centre.jpg\" alt=\"Shooting at la Tonnellerie!\"><\/figure>   \n                        \n                        <\/a>\n                <\/div>\n                <div class=\"blog_post_listed_texts white_section\">\n                        <span class=\"blog_post_date\">Mar 2026<\/span>\n                        <h4 class=\"textify_links\"><a href=\"https:\/\/www.latonnelleriehotel.com\/en\/tournage-a-la-tonnellerie\/\" target=\"_parent\" class=\"\">Shooting at la Tonnellerie!<\/a><\/h4>\n                        \n                        <div class=\"blog_post_listed_content_wrapper\">We have been delighted to welcome the team and the actors for the shooting of&hellip;<\/div>\n                        <a href=\"https:\/\/www.latonnelleriehotel.com\/en\/tournage-a-la-tonnellerie\/\" target=\"_parent\" class=\"btn btn-default \">Lire la suite<\/a> \n                <\/div>                  \n        <\/div> \n        <\/div>       \n        <div class=\"blog_post_card blog_post_listed grid_item grid_sizer col-md-6 col-sm-6 col-xs-12  unusual wellness optional\">\n        <div class=\"blog_post_listed_wrapper  \">\n                <div class=\"blog_post_listed_media\">\n                        <a href=\"https:\/\/www.latonnelleriehotel.com\/en\/la-vie-dun-hotel-ouvert-pendant-la-crise\/\" target=\"_parent\" class=\"\">\n                        \n                        <figure><img decoding=\"async\" src=\"https:\/\/www.latonnelleriehotel.com\/wp-content\/uploads\/2020\/05\/terrasse-hotel-tonnellerie-chateaux-de-la-loire-tavers-beaugency.jpg\" alt=\"The life of an open hotel during the crisis &amp;#8230;\"><\/figure>   \n                        \n                        <\/a>\n                <\/div>\n                <div class=\"blog_post_listed_texts white_section\">\n                        <span class=\"blog_post_date\">Mar 2026<\/span>\n                        <h4 class=\"textify_links\"><a href=\"https:\/\/www.latonnelleriehotel.com\/en\/la-vie-dun-hotel-ouvert-pendant-la-crise\/\" target=\"_parent\" class=\"\">The life of an open hotel during the crisis &#8230;<\/a><\/h4>\n                        \n                        <div class=\"blog_post_listed_content_wrapper\">ACCOMMODATING AND FEEDING TRAVELERS &#8230; In these times of reflection around &#8220;the Essential&#8221;, these few&hellip;<\/div>\n                        <a href=\"https:\/\/www.latonnelleriehotel.com\/en\/la-vie-dun-hotel-ouvert-pendant-la-crise\/\" target=\"_parent\" class=\"btn btn-default \">Lire la suite<\/a> \n                <\/div>                  \n        <\/div> \n        <\/div>       \n        <div class=\"blog_post_card blog_post_listed grid_item grid_sizer col-md-6 col-sm-6 col-xs-12  uncategorized optional\">\n        <div class=\"blog_post_listed_wrapper  \">\n                <div class=\"blog_post_listed_media\">\n                        <a href=\"https:\/\/www.latonnelleriehotel.com\/en\/un-confinement-bien-occupe\/\" target=\"_parent\" class=\"\">\n                        \n                        <figure><img decoding=\"async\" src=\"https:\/\/www.latonnelleriehotel.com\/wp-content\/uploads\/2020\/04\/hotel-tonnellerie-insectes-jardin-ecologie-permaculture.jpg\" alt=\"A busy period of confinement&amp;#8230;\"><\/figure>   \n                        \n                        <\/a>\n                <\/div>\n                <div class=\"blog_post_listed_texts white_section\">\n                        <span class=\"blog_post_date\">Mar 2026<\/span>\n                        <h4 class=\"textify_links\"><a href=\"https:\/\/www.latonnelleriehotel.com\/en\/un-confinement-bien-occupe\/\" target=\"_parent\" class=\"\">A busy period of confinement&#8230;<\/a><\/h4>\n                        \n                        <div class=\"blog_post_listed_content_wrapper\">International confinement does not prevent la Tonnellerie from continuing to live! Even if we miss&hellip;<\/div>\n                        <a href=\"https:\/\/www.latonnelleriehotel.com\/en\/un-confinement-bien-occupe\/\" target=\"_parent\" class=\"btn btn-default \">Lire la suite<\/a> \n                <\/div>                  \n        <\/div> \n        <\/div>       \n        <div class=\"blog_post_card blog_post_listed grid_item grid_sizer col-md-6 col-sm-6 col-xs-12  ecolabel-en ecolabel-commitments suppliers ecolabel-en optional\">\n        <div class=\"blog_post_listed_wrapper  \">\n                <div class=\"blog_post_listed_media\">\n                        <a href=\"https:\/\/www.latonnelleriehotel.com\/en\/etre-coherents-dans-nos-choix-de-tous-les-jours\/\" target=\"_parent\" class=\"\">\n                        \n                        <figure><img decoding=\"async\" src=\"https:\/\/www.latonnelleriehotel.com\/wp-content\/uploads\/2020\/03\/ananas-developpement-durable-ecolabel-hotel-tonnellerie-ecologie.jpg\" alt=\"Etre coh\u00e9rents dans nos choix de tous les jours\"><\/figure>   \n                        \n                        <\/a>\n                <\/div>\n                <div class=\"blog_post_listed_texts white_section\">\n                        <span class=\"blog_post_date\">Mar 2026<\/span>\n                        <h4 class=\"textify_links\"><a href=\"https:\/\/www.latonnelleriehotel.com\/en\/etre-coherents-dans-nos-choix-de-tous-les-jours\/\" target=\"_parent\" class=\"\">Etre coh\u00e9rents dans nos choix de tous les jours<\/a><\/h4>\n                        \n                        <div class=\"blog_post_listed_content_wrapper\">Indeed it is the LAST pineapple\/plane purchased by la Tonnellerie &#8230; its carbon footprint is&hellip;<\/div>\n                        <a href=\"https:\/\/www.latonnelleriehotel.com\/en\/etre-coherents-dans-nos-choix-de-tous-les-jours\/\" target=\"_parent\" class=\"btn btn-default \">Lire la suite<\/a> \n                <\/div>                  \n        <\/div> \n        <\/div>       \n        <div class=\"blog_post_card blog_post_listed grid_item grid_sizer col-md-6 col-sm-6 col-xs-12  uncategorized optional\">\n        <div class=\"blog_post_listed_wrapper  \">\n                <div class=\"blog_post_listed_media\">\n                        <a href=\"https:\/\/www.latonnelleriehotel.com\/en\/un-grand-merci-aux-nombreux-abonnees\/\" target=\"_parent\" class=\"\">\n                        \n                        <figure><img decoding=\"async\" src=\"https:\/\/www.latonnelleriehotel.com\/wp-content\/uploads\/2020\/03\/insta-blog-hotel-la-tonnellerie-tavers-instagram-followers.jpg\" alt=\"THANK YOU to the Instagram followers!\"><\/figure>   \n                        \n                        <\/a>\n                <\/div>\n                <div class=\"blog_post_listed_texts white_section\">\n                        <span class=\"blog_post_date\">Mar 2026<\/span>\n                        <h4 class=\"textify_links\"><a href=\"https:\/\/www.latonnelleriehotel.com\/en\/un-grand-merci-aux-nombreux-abonnees\/\" target=\"_parent\" class=\"\">THANK YOU to the Instagram followers!<\/a><\/h4>\n                        \n                        <div class=\"blog_post_listed_content_wrapper\">See you later on Instagram to follow the Tonnellerie adventures! @hotellatonnellerie<\/div>\n                        <a href=\"https:\/\/www.latonnelleriehotel.com\/en\/un-grand-merci-aux-nombreux-abonnees\/\" target=\"_parent\" class=\"btn btn-default \">Lire la suite<\/a> \n                <\/div>                  \n        <\/div> \n        <\/div>       \n        <div class=\"blog_post_card blog_post_listed grid_item grid_sizer col-md-6 col-sm-6 col-xs-12  uncategorized unusual optional\">\n        <div class=\"blog_post_listed_wrapper  \">\n                <div class=\"blog_post_listed_media\">\n                        <a href=\"https:\/\/www.latonnelleriehotel.com\/en\/une-visite-insolite\/\" target=\"_parent\" class=\"\">\n                        \n                        <figure><img decoding=\"async\" src=\"https:\/\/www.latonnelleriehotel.com\/wp-content\/uploads\/2020\/03\/faisan-hotel-tonnellerie-sologne-gibier-tavers.jpg\" alt=\"An unusual visitor!\"><\/figure>   \n                        \n                        <\/a>\n                <\/div>\n                <div class=\"blog_post_listed_texts white_section\">\n                        <span class=\"blog_post_date\">Mar 2026<\/span>\n                        <h4 class=\"textify_links\"><a href=\"https:\/\/www.latonnelleriehotel.com\/en\/une-visite-insolite\/\" target=\"_parent\" class=\"\">An unusual visitor!<\/a><\/h4>\n                        \n                        <div class=\"blog_post_listed_content_wrapper\">A big pheasant, confortable in the garden, very close to the terrace! Sologne forest is&hellip;<\/div>\n                        <a href=\"https:\/\/www.latonnelleriehotel.com\/en\/une-visite-insolite\/\" target=\"_parent\" class=\"btn btn-default \">Lire la suite<\/a> \n                <\/div>                  \n        <\/div> \n        <\/div>       \n        <div class=\"blog_post_card blog_post_listed grid_item grid_sizer col-md-6 col-sm-6 col-xs-12  ecolabel-commitments home-made recipes suppliers bio-organic-en-2 produits-locaux-local-products-en optional\">\n        <div class=\"blog_post_listed_wrapper  \">\n                <div class=\"blog_post_listed_media\">\n                        <a href=\"https:\/\/www.latonnelleriehotel.com\/en\/lenvers-du-decor-photos-en-cuisine\/\" target=\"_parent\" class=\"\">\n                        \n                        <figure><img decoding=\"async\" src=\"https:\/\/www.latonnelleriehotel.com\/wp-content\/uploads\/2020\/03\/cuisine-blog-equipe-hotel-tonnellerie-tavers-chateaux-de-la-loire-region-centre.jpg\" alt=\"En cuisine\u2026 on cuisine!\"><\/figure>   \n                        \n                        <\/a>\n                <\/div>\n                <div class=\"blog_post_listed_texts white_section\">\n                        <span class=\"blog_post_date\">Mar 2026<\/span>\n                        <h4 class=\"textify_links\"><a href=\"https:\/\/www.latonnelleriehotel.com\/en\/lenvers-du-decor-photos-en-cuisine\/\" target=\"_parent\" class=\"\">En cuisine\u2026 on cuisine!<\/a><\/h4>\n                        \n                        <div class=\"blog_post_listed_content_wrapper\">We offer a simple and traditional cuisine. However, all the dishes and pastries are made&hellip;<\/div>\n                        <a href=\"https:\/\/www.latonnelleriehotel.com\/en\/lenvers-du-decor-photos-en-cuisine\/\" target=\"_parent\" class=\"btn btn-default \">Lire la suite<\/a> \n                <\/div>                  \n        <\/div> \n        <\/div>       \n        <div class=\"blog_post_card blog_post_listed grid_item grid_sizer col-md-6 col-sm-6 col-xs-12  uncategorized optional\">\n        <div class=\"blog_post_listed_wrapper  \">\n                <div class=\"blog_post_listed_media\">\n                        <a href=\"https:\/\/www.latonnelleriehotel.com\/en\/pour-votre-bien-etre-des-reparations-necessaires\/\" target=\"_parent\" class=\"\">\n                        \n                        <figure><img decoding=\"async\" src=\"https:\/\/www.latonnelleriehotel.com\/wp-content\/uploads\/2020\/02\/terrasse-hotel-tonnellerie-tavers-chambord-charme-loire-lantana.jpg\" alt=\"For your well-being, repairs required&amp;#8230;\"><\/figure>   \n                        \n                        <\/a>\n                <\/div>\n                <div class=\"blog_post_listed_texts white_section\">\n                        <span class=\"blog_post_date\">Mar 2026<\/span>\n                        <h4 class=\"textify_links\"><a href=\"https:\/\/www.latonnelleriehotel.com\/en\/pour-votre-bien-etre-des-reparations-necessaires\/\" target=\"_parent\" class=\"\">For your well-being, repairs required&#8230;<\/a><\/h4>\n                        \n                        <div class=\"blog_post_listed_content_wrapper\">A part of the\u00a0heating networks having become too fragile, their replacement was necessary this winter\u2026&hellip;<\/div>\n                        <a href=\"https:\/\/www.latonnelleriehotel.com\/en\/pour-votre-bien-etre-des-reparations-necessaires\/\" target=\"_parent\" class=\"btn btn-default \">Lire la suite<\/a> \n                <\/div>                  \n        <\/div> \n        <\/div>       \n        <div class=\"blog_post_card blog_post_listed grid_item grid_sizer col-md-6 col-sm-6 col-xs-12  suppliers uncategorized optional\">\n        <div class=\"blog_post_listed_wrapper  \">\n                <div class=\"blog_post_listed_media\">\n                        <a href=\"https:\/\/www.latonnelleriehotel.com\/en\/de-artisans-valeureux\/\" target=\"_parent\" class=\"\">\n                        \n                        <figure><img decoding=\"async\" src=\"https:\/\/www.latonnelleriehotel.com\/wp-content\/uploads\/2020\/01\/ravalement-nettoyage-dasilva-hotel-tonnellerie-tavers-loiret-chambord.jpg\" alt=\"Valiant craftmen\"><\/figure>   \n                        \n                        <\/a>\n                <\/div>\n                <div class=\"blog_post_listed_texts white_section\">\n                        <span class=\"blog_post_date\">Mar 2026<\/span>\n                        <h4 class=\"textify_links\"><a href=\"https:\/\/www.latonnelleriehotel.com\/en\/de-artisans-valeureux\/\" target=\"_parent\" class=\"\">Valiant craftmen<\/a><\/h4>\n                        \n                        <div class=\"blog_post_listed_content_wrapper\">We would like to showcase the work of the front wall restoration team in November&hellip;<\/div>\n                        <a href=\"https:\/\/www.latonnelleriehotel.com\/en\/de-artisans-valeureux\/\" target=\"_parent\" class=\"btn btn-default \">Lire la suite<\/a> \n                <\/div>                  \n        <\/div> \n        <\/div>       \n<\/div><\/div>[\/vc_column][vc_column width=&#8221;1\/3&#8243;][vc_widget_sidebar sidebar_id=&#8221;sidebar-default&#8221;][\/vc_column][\/vc_row]<\/p>\n<\/section>","protected":false},"excerpt":{"rendered":"<p>[vc_row][vc_column width=&#8221;2\/3&#8243;][\/vc_column][vc_column width=&#8221;1\/3&#8243;][vc_widget_sidebar sidebar_id=&#8221;sidebar-default&#8221;][\/vc_column][\/vc_row]<\/p>\n","protected":false},"author":1,"featured_media":0,"parent":0,"menu_order":0,"comment_status":"closed","ping_status":"closed","template":"","meta":{"footnotes":""},"class_list":["post-1962","page","type-page","status-publish","hentry"],"yoast_head":"<!-- This site is optimized with the Yoast SEO plugin v27.1.1 - https:\/\/yoast.com\/product\/yoast-seo-wordpress\/ -->\n<title>Blog - H\u00f4tel la Tonnellerie<\/title>\n<meta name=\"robots\" content=\"index, follow, max-snippet:-1, max-image-preview:large, max-video-preview:-1\" \/>\n<link rel=\"canonical\" href=\"https:\/\/www.latonnelleriehotel.com\/en\/blog\/\" \/>\n<meta property=\"og:locale\" content=\"en_US\" \/>\n<meta property=\"og:type\" content=\"article\" \/>\n<meta property=\"og:title\" content=\"Blog - H\u00f4tel la Tonnellerie\" \/>\n<meta property=\"og:description\" content=\"[vc_row][vc_column width=&#8221;2\/3&#8243;][\/vc_column][vc_column width=&#8221;1\/3&#8243;][vc_widget_sidebar sidebar_id=&#8221;sidebar-default&#8221;][\/vc_column][\/vc_row]\" \/>\n<meta property=\"og:url\" content=\"https:\/\/www.latonnelleriehotel.com\/en\/blog\/\" \/>\n<meta property=\"og:site_name\" content=\"H\u00f4tel la Tonnellerie\" \/>\n<meta property=\"article:modified_time\" content=\"2018-02-12T12:28:26+00:00\" \/>\n<meta name=\"twitter:card\" content=\"summary_large_image\" \/>\n<script type=\"application\/ld+json\" class=\"yoast-schema-graph\">{\"@context\":\"https:\/\/schema.org\",\"@graph\":[{\"@type\":\"WebPage\",\"@id\":\"https:\/\/www.latonnelleriehotel.com\/en\/blog\/\",\"url\":\"https:\/\/www.latonnelleriehotel.com\/en\/blog\/\",\"name\":\"Blog - H\u00f4tel la Tonnellerie\",\"isPartOf\":{\"@id\":\"https:\/\/www.latonnelleriehotel.com\/en\/#website\"},\"datePublished\":\"2017-01-31T07:10:35+00:00\",\"dateModified\":\"2018-02-12T12:28:26+00:00\",\"breadcrumb\":{\"@id\":\"https:\/\/www.latonnelleriehotel.com\/en\/blog\/#breadcrumb\"},\"inLanguage\":\"en-US\",\"potentialAction\":[{\"@type\":\"ReadAction\",\"target\":[\"https:\/\/www.latonnelleriehotel.com\/en\/blog\/\"]}]},{\"@type\":\"BreadcrumbList\",\"@id\":\"https:\/\/www.latonnelleriehotel.com\/en\/blog\/#breadcrumb\",\"itemListElement\":[{\"@type\":\"ListItem\",\"position\":1,\"name\":\"Accueil\",\"item\":\"https:\/\/www.latonnelleriehotel.com\/en\/\"},{\"@type\":\"ListItem\",\"position\":2,\"name\":\"Blog\"}]},{\"@type\":\"WebSite\",\"@id\":\"https:\/\/www.latonnelleriehotel.com\/en\/#website\",\"url\":\"https:\/\/www.latonnelleriehotel.com\/en\/\",\"name\":\"H\u00f4tel la Tonnellerie\",\"description\":\"H\u00f4tel de charme 3 \u00e9toiles\",\"potentialAction\":[{\"@type\":\"SearchAction\",\"target\":{\"@type\":\"EntryPoint\",\"urlTemplate\":\"https:\/\/www.latonnelleriehotel.com\/en\/?s={search_term_string}\"},\"query-input\":{\"@type\":\"PropertyValueSpecification\",\"valueRequired\":true,\"valueName\":\"search_term_string\"}}],\"inLanguage\":\"en-US\"}]}<\/script>\n<!-- \/ Yoast SEO plugin. -->","yoast_head_json":{"title":"Blog - H\u00f4tel la Tonnellerie","robots":{"index":"index","follow":"follow","max-snippet":"max-snippet:-1","max-image-preview":"max-image-preview:large","max-video-preview":"max-video-preview:-1"},"canonical":"https:\/\/www.latonnelleriehotel.com\/en\/blog\/","og_locale":"en_US","og_type":"article","og_title":"Blog - H\u00f4tel la Tonnellerie","og_description":"[vc_row][vc_column width=&#8221;2\/3&#8243;][\/vc_column][vc_column width=&#8221;1\/3&#8243;][vc_widget_sidebar sidebar_id=&#8221;sidebar-default&#8221;][\/vc_column][\/vc_row]","og_url":"https:\/\/www.latonnelleriehotel.com\/en\/blog\/","og_site_name":"H\u00f4tel la Tonnellerie","article_modified_time":"2018-02-12T12:28:26+00:00","twitter_card":"summary_large_image","schema":{"@context":"https:\/\/schema.org","@graph":[{"@type":"WebPage","@id":"https:\/\/www.latonnelleriehotel.com\/en\/blog\/","url":"https:\/\/www.latonnelleriehotel.com\/en\/blog\/","name":"Blog - H\u00f4tel la Tonnellerie","isPartOf":{"@id":"https:\/\/www.latonnelleriehotel.com\/en\/#website"},"datePublished":"2017-01-31T07:10:35+00:00","dateModified":"2018-02-12T12:28:26+00:00","breadcrumb":{"@id":"https:\/\/www.latonnelleriehotel.com\/en\/blog\/#breadcrumb"},"inLanguage":"en-US","potentialAction":[{"@type":"ReadAction","target":["https:\/\/www.latonnelleriehotel.com\/en\/blog\/"]}]},{"@type":"BreadcrumbList","@id":"https:\/\/www.latonnelleriehotel.com\/en\/blog\/#breadcrumb","itemListElement":[{"@type":"ListItem","position":1,"name":"Accueil","item":"https:\/\/www.latonnelleriehotel.com\/en\/"},{"@type":"ListItem","position":2,"name":"Blog"}]},{"@type":"WebSite","@id":"https:\/\/www.latonnelleriehotel.com\/en\/#website","url":"https:\/\/www.latonnelleriehotel.com\/en\/","name":"H\u00f4tel la Tonnellerie","description":"H\u00f4tel de charme 3 \u00e9toiles","potentialAction":[{"@type":"SearchAction","target":{"@type":"EntryPoint","urlTemplate":"https:\/\/www.latonnelleriehotel.com\/en\/?s={search_term_string}"},"query-input":{"@type":"PropertyValueSpecification","valueRequired":true,"valueName":"search_term_string"}}],"inLanguage":"en-US"}]}},"_links":{"self":[{"href":"https:\/\/www.latonnelleriehotel.com\/en\/wp-json\/wp\/v2\/pages\/1962","targetHints":{"allow":["GET"]}}],"collection":[{"href":"https:\/\/www.latonnelleriehotel.com\/en\/wp-json\/wp\/v2\/pages"}],"about":[{"href":"https:\/\/www.latonnelleriehotel.com\/en\/wp-json\/wp\/v2\/types\/page"}],"author":[{"embeddable":true,"href":"https:\/\/www.latonnelleriehotel.com\/en\/wp-json\/wp\/v2\/users\/1"}],"replies":[{"embeddable":true,"href":"https:\/\/www.latonnelleriehotel.com\/en\/wp-json\/wp\/v2\/comments?post=1962"}],"version-history":[{"count":6,"href":"https:\/\/www.latonnelleriehotel.com\/en\/wp-json\/wp\/v2\/pages\/1962\/revisions"}],"predecessor-version":[{"id":2701,"href":"https:\/\/www.latonnelleriehotel.com\/en\/wp-json\/wp\/v2\/pages\/1962\/revisions\/2701"}],"wp:attachment":[{"href":"https:\/\/www.latonnelleriehotel.com\/en\/wp-json\/wp\/v2\/media?parent=1962"}],"curies":[{"name":"wp","href":"https:\/\/api.w.org\/{rel}","templated":true}]}}