{"id":3415,"date":"2019-04-25T10:21:26","date_gmt":"2019-04-25T08:21:26","guid":{"rendered":"https:\/\/www.latonnelleriehotel.com\/les-meilleures-choses-ont-besoin-de-patience\/"},"modified":"2019-04-25T10:34:05","modified_gmt":"2019-04-25T08:34:05","slug":"les-meilleures-choses-ont-besoin-de-patience","status":"publish","type":"page","link":"https:\/\/www.latonnelleriehotel.com\/en\/les-meilleures-choses-ont-besoin-de-patience\/","title":{"rendered":"The best things need patience&#8230;"},"content":{"rendered":"<p>March-April is a pivotal time for local vegetables&#8230; Winter vegetables have disappeared from the fields and only a few new ones are ready at the moment.<\/p>\n<p><img loading=\"lazy\" decoding=\"async\" class=\"alignnone wp-image-3409\" src=\"https:\/\/www.latonnelleriehotel.com\/wp-content\/uploads\/2019\/04\/navets-radis-bio-hotel-tonnellerie-tavers-ecolabel-chambord.jpg\" alt=\"l\u00e9gumes bio de saison cuisin\u00e9s \u00e0 l'hotel ecolabel la Tonnellerie de Tavers pr\u00e8s de Chambord\" width=\"400\" height=\"300\" srcset=\"https:\/\/www.latonnelleriehotel.com\/wp-content\/uploads\/2019\/04\/navets-radis-bio-hotel-tonnellerie-tavers-ecolabel-chambord.jpg 800w, https:\/\/www.latonnelleriehotel.com\/wp-content\/uploads\/2019\/04\/navets-radis-bio-hotel-tonnellerie-tavers-ecolabel-chambord-300x225.jpg 300w, https:\/\/www.latonnelleriehotel.com\/wp-content\/uploads\/2019\/04\/navets-radis-bio-hotel-tonnellerie-tavers-ecolabel-chambord-768x576.jpg 768w\" sizes=\"auto, (max-width: 400px) 100vw, 400px\" \/><\/p>\n<p>It takes a few more weeks for Eric, St\u00e9phane, Laur\u00e8ne, Nicolas, Laurent, our local\u00a0gardeners (mostly organic) to offer us the &#8220;best of their products&#8221; &#8230;<\/p>\n<p>To respect the season of our a region means resisting the temptation to buy &#8220;summer&#8221; vegetables already available on certain stalls&#8230; &#8220;real nature&#8221; does NOT offer them in April.<\/p>\n<p><img loading=\"lazy\" decoding=\"async\" class=\"alignnone wp-image-3406\" src=\"https:\/\/www.latonnelleriehotel.com\/wp-content\/uploads\/2019\/04\/rhubarbe-blog-bio-loiret-hotel-tonnellerie-loire.jpg\" alt=\"rhubarbe bio et locale \u00e0 la carte des desserts de l'hotel ecolabel la Tonnellerie de Tavers entre Blois et Orl\u00e9ans\" width=\"400\" height=\"300\" srcset=\"https:\/\/www.latonnelleriehotel.com\/wp-content\/uploads\/2019\/04\/rhubarbe-blog-bio-loiret-hotel-tonnellerie-loire.jpg 476w, https:\/\/www.latonnelleriehotel.com\/wp-content\/uploads\/2019\/04\/rhubarbe-blog-bio-loiret-hotel-tonnellerie-loire-300x225.jpg 300w\" sizes=\"auto, (max-width: 400px) 100vw, 400px\" \/><\/p>\n<p>Then, as vegetables, at la Tonnellerie, on the menu of the moment you will find : asparagus, rhubarb and new vegetables (carrots, turnips, radishes)<\/p>\n<p>See you soon for the products of the month of May, patience will bring only more pleasure (and taste!)<\/p>\n","protected":false},"excerpt":{"rendered":"<p>March-April is a pivotal time for local vegetables&#8230; Winter vegetables have disappeared from the fields and only a few new ones are ready at the moment. It takes a few more weeks for Eric, St\u00e9phane, Laur\u00e8ne, Nicolas, Laurent, our local\u00a0gardeners (mostly organic) to offer us the &#8220;best of their products&#8221; &#8230; To respect the season [&hellip;]<\/p>\n","protected":false},"author":2,"featured_media":3404,"parent":0,"menu_order":0,"comment_status":"closed","ping_status":"closed","template":"","meta":{"footnotes":""},"class_list":["post-3415","page","type-page","status-publish","has-post-thumbnail","hentry"],"yoast_head":"<!-- This site is optimized with the Yoast SEO plugin v27.1.1 - https:\/\/yoast.com\/product\/yoast-seo-wordpress\/ -->\n<title>The best things need patience... - H\u00f4tel la Tonnellerie<\/title>\n<meta name=\"robots\" content=\"index, follow, max-snippet:-1, max-image-preview:large, max-video-preview:-1\" \/>\n<link rel=\"canonical\" href=\"https:\/\/www.latonnelleriehotel.com\/en\/les-meilleures-choses-ont-besoin-de-patience\/\" \/>\n<meta property=\"og:locale\" content=\"en_US\" \/>\n<meta property=\"og:type\" content=\"article\" \/>\n<meta property=\"og:title\" content=\"The best things need patience... - H\u00f4tel la Tonnellerie\" \/>\n<meta property=\"og:description\" content=\"March-April is a pivotal time for local vegetables&#8230; Winter vegetables have disappeared from the fields and only a few new ones are ready at the moment. It takes a few more weeks for Eric, St\u00e9phane, Laur\u00e8ne, Nicolas, Laurent, our local\u00a0gardeners (mostly organic) to offer us the &#8220;best of their products&#8221; &#8230; To respect the season [&hellip;]\" \/>\n<meta property=\"og:url\" content=\"https:\/\/www.latonnelleriehotel.com\/en\/les-meilleures-choses-ont-besoin-de-patience\/\" \/>\n<meta property=\"og:site_name\" content=\"H\u00f4tel la Tonnellerie\" \/>\n<meta property=\"article:modified_time\" content=\"2019-04-25T08:34:05+00:00\" \/>\n<meta property=\"og:image\" content=\"https:\/\/www.latonnelleriehotel.com\/wp-content\/uploads\/2019\/04\/asperges-blog-bio-hotel-tonnellerie-ecolabel-loire.jpg\" \/>\n\t<meta property=\"og:image:width\" content=\"800\" \/>\n\t<meta property=\"og:image:height\" content=\"600\" \/>\n\t<meta property=\"og:image:type\" content=\"image\/jpeg\" \/>\n<meta name=\"twitter:card\" content=\"summary_large_image\" \/>\n<meta name=\"twitter:label1\" content=\"Est. reading time\" \/>\n\t<meta name=\"twitter:data1\" content=\"1 minute\" \/>\n<script type=\"application\/ld+json\" class=\"yoast-schema-graph\">{\"@context\":\"https:\/\/schema.org\",\"@graph\":[{\"@type\":\"WebPage\",\"@id\":\"https:\/\/www.latonnelleriehotel.com\/en\/les-meilleures-choses-ont-besoin-de-patience\/\",\"url\":\"https:\/\/www.latonnelleriehotel.com\/en\/les-meilleures-choses-ont-besoin-de-patience\/\",\"name\":\"The best things need patience... - H\u00f4tel la Tonnellerie\",\"isPartOf\":{\"@id\":\"https:\/\/www.latonnelleriehotel.com\/en\/#website\"},\"primaryImageOfPage\":{\"@id\":\"https:\/\/www.latonnelleriehotel.com\/en\/les-meilleures-choses-ont-besoin-de-patience\/#primaryimage\"},\"image\":{\"@id\":\"https:\/\/www.latonnelleriehotel.com\/en\/les-meilleures-choses-ont-besoin-de-patience\/#primaryimage\"},\"thumbnailUrl\":\"https:\/\/www.latonnelleriehotel.com\/wp-content\/uploads\/2019\/04\/asperges-blog-bio-hotel-tonnellerie-ecolabel-loire.jpg\",\"datePublished\":\"2019-04-25T08:21:26+00:00\",\"dateModified\":\"2019-04-25T08:34:05+00:00\",\"breadcrumb\":{\"@id\":\"https:\/\/www.latonnelleriehotel.com\/en\/les-meilleures-choses-ont-besoin-de-patience\/#breadcrumb\"},\"inLanguage\":\"en-US\",\"potentialAction\":[{\"@type\":\"ReadAction\",\"target\":[\"https:\/\/www.latonnelleriehotel.com\/en\/les-meilleures-choses-ont-besoin-de-patience\/\"]}]},{\"@type\":\"ImageObject\",\"inLanguage\":\"en-US\",\"@id\":\"https:\/\/www.latonnelleriehotel.com\/en\/les-meilleures-choses-ont-besoin-de-patience\/#primaryimage\",\"url\":\"https:\/\/www.latonnelleriehotel.com\/wp-content\/uploads\/2019\/04\/asperges-blog-bio-hotel-tonnellerie-ecolabel-loire.jpg\",\"contentUrl\":\"https:\/\/www.latonnelleriehotel.com\/wp-content\/uploads\/2019\/04\/asperges-blog-bio-hotel-tonnellerie-ecolabel-loire.jpg\",\"width\":800,\"height\":600,\"caption\":\"asperges bio propos\u00e9es \u00e0 l'hotel ecolabel la Tonnellerie dans la r\u00e9gion des chateaux de la Loire\"},{\"@type\":\"BreadcrumbList\",\"@id\":\"https:\/\/www.latonnelleriehotel.com\/en\/les-meilleures-choses-ont-besoin-de-patience\/#breadcrumb\",\"itemListElement\":[{\"@type\":\"ListItem\",\"position\":1,\"name\":\"Accueil\",\"item\":\"https:\/\/www.latonnelleriehotel.com\/en\/\"},{\"@type\":\"ListItem\",\"position\":2,\"name\":\"The best things need patience&#8230;\"}]},{\"@type\":\"WebSite\",\"@id\":\"https:\/\/www.latonnelleriehotel.com\/en\/#website\",\"url\":\"https:\/\/www.latonnelleriehotel.com\/en\/\",\"name\":\"H\u00f4tel la Tonnellerie\",\"description\":\"H\u00f4tel de charme 3 \u00e9toiles\",\"potentialAction\":[{\"@type\":\"SearchAction\",\"target\":{\"@type\":\"EntryPoint\",\"urlTemplate\":\"https:\/\/www.latonnelleriehotel.com\/en\/?s={search_term_string}\"},\"query-input\":{\"@type\":\"PropertyValueSpecification\",\"valueRequired\":true,\"valueName\":\"search_term_string\"}}],\"inLanguage\":\"en-US\"}]}<\/script>\n<!-- \/ Yoast SEO plugin. -->","yoast_head_json":{"title":"The best things need patience... - H\u00f4tel la Tonnellerie","robots":{"index":"index","follow":"follow","max-snippet":"max-snippet:-1","max-image-preview":"max-image-preview:large","max-video-preview":"max-video-preview:-1"},"canonical":"https:\/\/www.latonnelleriehotel.com\/en\/les-meilleures-choses-ont-besoin-de-patience\/","og_locale":"en_US","og_type":"article","og_title":"The best things need patience... - H\u00f4tel la Tonnellerie","og_description":"March-April is a pivotal time for local vegetables&#8230; Winter vegetables have disappeared from the fields and only a few new ones are ready at the moment. It takes a few more weeks for Eric, St\u00e9phane, Laur\u00e8ne, Nicolas, Laurent, our local\u00a0gardeners (mostly organic) to offer us the &#8220;best of their products&#8221; &#8230; To respect the season [&hellip;]","og_url":"https:\/\/www.latonnelleriehotel.com\/en\/les-meilleures-choses-ont-besoin-de-patience\/","og_site_name":"H\u00f4tel la Tonnellerie","article_modified_time":"2019-04-25T08:34:05+00:00","og_image":[{"width":800,"height":600,"url":"https:\/\/www.latonnelleriehotel.com\/wp-content\/uploads\/2019\/04\/asperges-blog-bio-hotel-tonnellerie-ecolabel-loire.jpg","type":"image\/jpeg"}],"twitter_card":"summary_large_image","twitter_misc":{"Est. reading time":"1 minute"},"schema":{"@context":"https:\/\/schema.org","@graph":[{"@type":"WebPage","@id":"https:\/\/www.latonnelleriehotel.com\/en\/les-meilleures-choses-ont-besoin-de-patience\/","url":"https:\/\/www.latonnelleriehotel.com\/en\/les-meilleures-choses-ont-besoin-de-patience\/","name":"The best things need patience... - H\u00f4tel la Tonnellerie","isPartOf":{"@id":"https:\/\/www.latonnelleriehotel.com\/en\/#website"},"primaryImageOfPage":{"@id":"https:\/\/www.latonnelleriehotel.com\/en\/les-meilleures-choses-ont-besoin-de-patience\/#primaryimage"},"image":{"@id":"https:\/\/www.latonnelleriehotel.com\/en\/les-meilleures-choses-ont-besoin-de-patience\/#primaryimage"},"thumbnailUrl":"https:\/\/www.latonnelleriehotel.com\/wp-content\/uploads\/2019\/04\/asperges-blog-bio-hotel-tonnellerie-ecolabel-loire.jpg","datePublished":"2019-04-25T08:21:26+00:00","dateModified":"2019-04-25T08:34:05+00:00","breadcrumb":{"@id":"https:\/\/www.latonnelleriehotel.com\/en\/les-meilleures-choses-ont-besoin-de-patience\/#breadcrumb"},"inLanguage":"en-US","potentialAction":[{"@type":"ReadAction","target":["https:\/\/www.latonnelleriehotel.com\/en\/les-meilleures-choses-ont-besoin-de-patience\/"]}]},{"@type":"ImageObject","inLanguage":"en-US","@id":"https:\/\/www.latonnelleriehotel.com\/en\/les-meilleures-choses-ont-besoin-de-patience\/#primaryimage","url":"https:\/\/www.latonnelleriehotel.com\/wp-content\/uploads\/2019\/04\/asperges-blog-bio-hotel-tonnellerie-ecolabel-loire.jpg","contentUrl":"https:\/\/www.latonnelleriehotel.com\/wp-content\/uploads\/2019\/04\/asperges-blog-bio-hotel-tonnellerie-ecolabel-loire.jpg","width":800,"height":600,"caption":"asperges bio propos\u00e9es \u00e0 l'hotel ecolabel la Tonnellerie dans la r\u00e9gion des chateaux de la Loire"},{"@type":"BreadcrumbList","@id":"https:\/\/www.latonnelleriehotel.com\/en\/les-meilleures-choses-ont-besoin-de-patience\/#breadcrumb","itemListElement":[{"@type":"ListItem","position":1,"name":"Accueil","item":"https:\/\/www.latonnelleriehotel.com\/en\/"},{"@type":"ListItem","position":2,"name":"The best things need patience&#8230;"}]},{"@type":"WebSite","@id":"https:\/\/www.latonnelleriehotel.com\/en\/#website","url":"https:\/\/www.latonnelleriehotel.com\/en\/","name":"H\u00f4tel la Tonnellerie","description":"H\u00f4tel de charme 3 \u00e9toiles","potentialAction":[{"@type":"SearchAction","target":{"@type":"EntryPoint","urlTemplate":"https:\/\/www.latonnelleriehotel.com\/en\/?s={search_term_string}"},"query-input":{"@type":"PropertyValueSpecification","valueRequired":true,"valueName":"search_term_string"}}],"inLanguage":"en-US"}]}},"_links":{"self":[{"href":"https:\/\/www.latonnelleriehotel.com\/en\/wp-json\/wp\/v2\/pages\/3415","targetHints":{"allow":["GET"]}}],"collection":[{"href":"https:\/\/www.latonnelleriehotel.com\/en\/wp-json\/wp\/v2\/pages"}],"about":[{"href":"https:\/\/www.latonnelleriehotel.com\/en\/wp-json\/wp\/v2\/types\/page"}],"author":[{"embeddable":true,"href":"https:\/\/www.latonnelleriehotel.com\/en\/wp-json\/wp\/v2\/users\/2"}],"replies":[{"embeddable":true,"href":"https:\/\/www.latonnelleriehotel.com\/en\/wp-json\/wp\/v2\/comments?post=3415"}],"version-history":[{"count":3,"href":"https:\/\/www.latonnelleriehotel.com\/en\/wp-json\/wp\/v2\/pages\/3415\/revisions"}],"predecessor-version":[{"id":3418,"href":"https:\/\/www.latonnelleriehotel.com\/en\/wp-json\/wp\/v2\/pages\/3415\/revisions\/3418"}],"wp:featuredmedia":[{"embeddable":true,"href":"https:\/\/www.latonnelleriehotel.com\/en\/wp-json\/wp\/v2\/media\/3404"}],"wp:attachment":[{"href":"https:\/\/www.latonnelleriehotel.com\/en\/wp-json\/wp\/v2\/media?parent=3415"}],"curies":[{"name":"wp","href":"https:\/\/api.w.org\/{rel}","templated":true}]}}